{"id":404,"date":"2018-01-16T11:54:16","date_gmt":"2018-01-16T09:54:16","guid":{"rendered":"\/?page_id=404\/"},"modified":"2018-01-16T11:54:53","modified_gmt":"2018-01-16T09:54:53","slug":"taxa","status":"publish","type":"page","link":"https:\/\/raeapteek.ee\/de\/taxa\/","title":{"rendered":"Taxa"},"content":{"rendered":"<p style=\"text-align: center;\"><strong>Taxa<\/strong>, die erste Apothekerordnung von Tallinn, wurde im Jahr 1695 ver\u00f6ffentlicht.<br \/>\nDie vom Stadtarzt verfasste Taxa legte Normen f\u00fcr die Zubereitung, die Aufbewahrung und den Verkauf der Arzneimittel fest. Unter anderem wurden dort \u00fcber 3200 Arzneimittel aufgelistet, die damals in Tallinn gebr\u00e4uchlich waren. Manche von diesen werden noch heute in der Ratsapotheke verkauft.<\/p>\n","protected":false},"excerpt":{"rendered":"<p>Taxa, die erste Apothekerordnung von Tallinn, wurde im Jahr 1695 ver\u00f6ffentlicht. Die vom Stadtarzt verfasste..<br \/><a class=\"readmore__button\" href=\"https:\/\/raeapteek.ee\/de\/taxa\/\">Weiterlesen<\/a><\/p>\n","protected":false},"author":1,"featured_media":179,"parent":0,"menu_order":0,"comment_status":"closed","ping_status":"closed","template":"template-taxa.php","meta":{"_acf_changed":false,"footnotes":""},"class_list":["post-404","page","type-page","status-publish","has-post-thumbnail","hentry"],"acf":[],"yoast_head":"<!-- This site is optimized with the Yoast SEO plugin v27.3 - https:\/\/yoast.com\/product\/yoast-seo-wordpress\/ -->\n<title>Taxa - Raeapteek<\/title>\n<meta name=\"robots\" content=\"index, follow, max-snippet:-1, max-image-preview:large, max-video-preview:-1\" \/>\n<link rel=\"canonical\" href=\"https:\/\/raeapteek.ee\/de\/taxa\/\" \/>\n<meta property=\"og:locale\" content=\"de_DE\" \/>\n<meta property=\"og:type\" content=\"article\" \/>\n<meta property=\"og:title\" content=\"Taxa - Raeapteek\" \/>\n<meta property=\"og:description\" content=\"Taxa, die erste Apothekerordnung von Tallinn, wurde im Jahr 1695 ver\u00f6ffentlicht. Die vom Stadtarzt verfasste..Weiterlesen\" \/>\n<meta property=\"og:url\" content=\"https:\/\/raeapteek.ee\/de\/taxa\/\" \/>\n<meta property=\"og:site_name\" content=\"Raeapteek\" \/>\n<meta property=\"article:modified_time\" content=\"2018-01-16T09:54:53+00:00\" \/>\n<meta property=\"og:image\" content=\"https:\/\/raeapteek.ee\/wp-content\/uploads\/2018\/01\/MA_4917-e1514973996494.jpg\" \/>\n\t<meta property=\"og:image:width\" content=\"4591\" \/>\n\t<meta property=\"og:image:height\" content=\"1446\" \/>\n\t<meta property=\"og:image:type\" content=\"image\/jpeg\" \/>\n<meta name=\"twitter:card\" content=\"summary_large_image\" \/>\n<script type=\"application\/ld+json\" class=\"yoast-schema-graph\">{\"@context\":\"https:\\\/\\\/schema.org\",\"@graph\":[{\"@type\":\"WebPage\",\"@id\":\"https:\\\/\\\/raeapteek.ee\\\/de\\\/taxa\\\/\",\"url\":\"https:\\\/\\\/raeapteek.ee\\\/de\\\/taxa\\\/\",\"name\":\"Taxa - Raeapteek\",\"isPartOf\":{\"@id\":\"https:\\\/\\\/raeapteek.ee\\\/#website\"},\"primaryImageOfPage\":{\"@id\":\"https:\\\/\\\/raeapteek.ee\\\/de\\\/taxa\\\/#primaryimage\"},\"image\":{\"@id\":\"https:\\\/\\\/raeapteek.ee\\\/de\\\/taxa\\\/#primaryimage\"},\"thumbnailUrl\":\"https:\\\/\\\/raeapteek.ee\\\/wp-content\\\/uploads\\\/2018\\\/01\\\/MA_4917-e1514973996494.jpg\",\"datePublished\":\"2018-01-16T09:54:16+00:00\",\"dateModified\":\"2018-01-16T09:54:53+00:00\",\"breadcrumb\":{\"@id\":\"https:\\\/\\\/raeapteek.ee\\\/de\\\/taxa\\\/#breadcrumb\"},\"inLanguage\":\"de\",\"potentialAction\":[{\"@type\":\"ReadAction\",\"target\":[\"https:\\\/\\\/raeapteek.ee\\\/de\\\/taxa\\\/\"]}]},{\"@type\":\"ImageObject\",\"inLanguage\":\"de\",\"@id\":\"https:\\\/\\\/raeapteek.ee\\\/de\\\/taxa\\\/#primaryimage\",\"url\":\"https:\\\/\\\/raeapteek.ee\\\/wp-content\\\/uploads\\\/2018\\\/01\\\/MA_4917-e1514973996494.jpg\",\"contentUrl\":\"https:\\\/\\\/raeapteek.ee\\\/wp-content\\\/uploads\\\/2018\\\/01\\\/MA_4917-e1514973996494.jpg\",\"width\":4591,\"height\":1446},{\"@type\":\"BreadcrumbList\",\"@id\":\"https:\\\/\\\/raeapteek.ee\\\/de\\\/taxa\\\/#breadcrumb\",\"itemListElement\":[{\"@type\":\"ListItem\",\"position\":1,\"name\":\"Home\",\"item\":\"https:\\\/\\\/raeapteek.ee\\\/de\\\/\"},{\"@type\":\"ListItem\",\"position\":2,\"name\":\"Taxa\"}]},{\"@type\":\"WebSite\",\"@id\":\"https:\\\/\\\/raeapteek.ee\\\/#website\",\"url\":\"https:\\\/\\\/raeapteek.ee\\\/\",\"name\":\"Raeapteek\",\"description\":\"1422 aastal alustanud apteek Tallinnas\",\"potentialAction\":[{\"@type\":\"SearchAction\",\"target\":{\"@type\":\"EntryPoint\",\"urlTemplate\":\"https:\\\/\\\/raeapteek.ee\\\/?s={search_term_string}\"},\"query-input\":{\"@type\":\"PropertyValueSpecification\",\"valueRequired\":true,\"valueName\":\"search_term_string\"}}],\"inLanguage\":\"de\"}]}<\/script>\n<!-- \/ Yoast SEO plugin. -->","yoast_head_json":{"title":"Taxa - Raeapteek","robots":{"index":"index","follow":"follow","max-snippet":"max-snippet:-1","max-image-preview":"max-image-preview:large","max-video-preview":"max-video-preview:-1"},"canonical":"https:\/\/raeapteek.ee\/de\/taxa\/","og_locale":"de_DE","og_type":"article","og_title":"Taxa - Raeapteek","og_description":"Taxa, die erste Apothekerordnung von Tallinn, wurde im Jahr 1695 ver\u00f6ffentlicht. Die vom Stadtarzt verfasste..Weiterlesen","og_url":"https:\/\/raeapteek.ee\/de\/taxa\/","og_site_name":"Raeapteek","article_modified_time":"2018-01-16T09:54:53+00:00","og_image":[{"width":4591,"height":1446,"url":"https:\/\/raeapteek.ee\/wp-content\/uploads\/2018\/01\/MA_4917-e1514973996494.jpg","type":"image\/jpeg"}],"twitter_card":"summary_large_image","schema":{"@context":"https:\/\/schema.org","@graph":[{"@type":"WebPage","@id":"https:\/\/raeapteek.ee\/de\/taxa\/","url":"https:\/\/raeapteek.ee\/de\/taxa\/","name":"Taxa - Raeapteek","isPartOf":{"@id":"https:\/\/raeapteek.ee\/#website"},"primaryImageOfPage":{"@id":"https:\/\/raeapteek.ee\/de\/taxa\/#primaryimage"},"image":{"@id":"https:\/\/raeapteek.ee\/de\/taxa\/#primaryimage"},"thumbnailUrl":"https:\/\/raeapteek.ee\/wp-content\/uploads\/2018\/01\/MA_4917-e1514973996494.jpg","datePublished":"2018-01-16T09:54:16+00:00","dateModified":"2018-01-16T09:54:53+00:00","breadcrumb":{"@id":"https:\/\/raeapteek.ee\/de\/taxa\/#breadcrumb"},"inLanguage":"de","potentialAction":[{"@type":"ReadAction","target":["https:\/\/raeapteek.ee\/de\/taxa\/"]}]},{"@type":"ImageObject","inLanguage":"de","@id":"https:\/\/raeapteek.ee\/de\/taxa\/#primaryimage","url":"https:\/\/raeapteek.ee\/wp-content\/uploads\/2018\/01\/MA_4917-e1514973996494.jpg","contentUrl":"https:\/\/raeapteek.ee\/wp-content\/uploads\/2018\/01\/MA_4917-e1514973996494.jpg","width":4591,"height":1446},{"@type":"BreadcrumbList","@id":"https:\/\/raeapteek.ee\/de\/taxa\/#breadcrumb","itemListElement":[{"@type":"ListItem","position":1,"name":"Home","item":"https:\/\/raeapteek.ee\/de\/"},{"@type":"ListItem","position":2,"name":"Taxa"}]},{"@type":"WebSite","@id":"https:\/\/raeapteek.ee\/#website","url":"https:\/\/raeapteek.ee\/","name":"Raeapteek","description":"1422 aastal alustanud apteek Tallinnas","potentialAction":[{"@type":"SearchAction","target":{"@type":"EntryPoint","urlTemplate":"https:\/\/raeapteek.ee\/?s={search_term_string}"},"query-input":{"@type":"PropertyValueSpecification","valueRequired":true,"valueName":"search_term_string"}}],"inLanguage":"de"}]}},"_links":{"self":[{"href":"https:\/\/raeapteek.ee\/de\/wp-json\/wp\/v2\/pages\/404","targetHints":{"allow":["GET"]}}],"collection":[{"href":"https:\/\/raeapteek.ee\/de\/wp-json\/wp\/v2\/pages"}],"about":[{"href":"https:\/\/raeapteek.ee\/de\/wp-json\/wp\/v2\/types\/page"}],"author":[{"embeddable":true,"href":"https:\/\/raeapteek.ee\/de\/wp-json\/wp\/v2\/users\/1"}],"replies":[{"embeddable":true,"href":"https:\/\/raeapteek.ee\/de\/wp-json\/wp\/v2\/comments?post=404"}],"version-history":[{"count":1,"href":"https:\/\/raeapteek.ee\/de\/wp-json\/wp\/v2\/pages\/404\/revisions"}],"predecessor-version":[{"id":405,"href":"https:\/\/raeapteek.ee\/de\/wp-json\/wp\/v2\/pages\/404\/revisions\/405"}],"wp:featuredmedia":[{"embeddable":true,"href":"https:\/\/raeapteek.ee\/de\/wp-json\/wp\/v2\/media\/179"}],"wp:attachment":[{"href":"https:\/\/raeapteek.ee\/de\/wp-json\/wp\/v2\/media?parent=404"}],"curies":[{"name":"wp","href":"https:\/\/api.w.org\/{rel}","templated":true}]}}